{"id":2082,"date":"2025-12-21T16:01:20","date_gmt":"2025-12-21T16:01:20","guid":{"rendered":"https:\/\/www.nowherb.pro\/?post_type=product&#038;p=2082"},"modified":"2026-01-04T10:45:50","modified_gmt":"2026-01-04T10:45:50","slug":"pro-tea-cold-and-flu-2","status":"publish","type":"product","link":"http:\/\/www.nowherb.pro\/?product=pro-tea-cold-and-flu-2&lang=tr","title":{"rendered":"PRO TEA COLD AND FLU"},"content":{"rendered":"","protected":false},"excerpt":{"rendered":"<div class=\"woocommerce-product-details__short-description description\">\n<p>20 \u00c7\u00d6Z\u00dcN\u00dcR TABLET<\/p>\n<\/div>\n<div class=\"product_meta\"><\/div>\n","protected":false},"featured_media":1667,"comment_status":"open","ping_status":"closed","template":"","meta":{"_acf_changed":false},"product_brand":[],"product_cat":[117],"product_tag":[],"class_list":{"0":"post-2082","1":"product","2":"type-product","3":"status-publish","4":"has-post-thumbnail","6":"product_cat-tum-urunlerimiz","8":"first","9":"instock","10":"shipping-taxable","11":"product-type-simple"},"acf":[],"_links":{"self":[{"href":"http:\/\/www.nowherb.pro\/index.php?rest_route=\/wp\/v2\/product\/2082","targetHints":{"allow":["GET"]}}],"collection":[{"href":"http:\/\/www.nowherb.pro\/index.php?rest_route=\/wp\/v2\/product"}],"about":[{"href":"http:\/\/www.nowherb.pro\/index.php?rest_route=\/wp\/v2\/types\/product"}],"replies":[{"embeddable":true,"href":"http:\/\/www.nowherb.pro\/index.php?rest_route=%2Fwp%2Fv2%2Fcomments&post=2082"}],"wp:featuredmedia":[{"embeddable":true,"href":"http:\/\/www.nowherb.pro\/index.php?rest_route=\/wp\/v2\/media\/1667"}],"wp:attachment":[{"href":"http:\/\/www.nowherb.pro\/index.php?rest_route=%2Fwp%2Fv2%2Fmedia&parent=2082"}],"wp:term":[{"taxonomy":"product_brand","embeddable":true,"href":"http:\/\/www.nowherb.pro\/index.php?rest_route=%2Fwp%2Fv2%2Fproduct_brand&post=2082"},{"taxonomy":"product_cat","embeddable":true,"href":"http:\/\/www.nowherb.pro\/index.php?rest_route=%2Fwp%2Fv2%2Fproduct_cat&post=2082"},{"taxonomy":"product_tag","embeddable":true,"href":"http:\/\/www.nowherb.pro\/index.php?rest_route=%2Fwp%2Fv2%2Fproduct_tag&post=2082"}],"curies":[{"name":"wp","href":"https:\/\/api.w.org\/{rel}","templated":true}]}}