{"id":2109,"date":"2025-12-21T14:33:40","date_gmt":"2025-12-21T14:33:40","guid":{"rendered":"https:\/\/www.nowherb.pro\/?post_type=product&#038;p=2109"},"modified":"2026-01-04T11:10:26","modified_gmt":"2026-01-04T11:10:26","slug":"pro-honey-plus-sase-5","status":"publish","type":"product","link":"http:\/\/www.nowherb.pro\/?product=pro-honey-plus-sase-5&lang=tr","title":{"rendered":"PRO HONEY PLUS Sa\u015fe"},"content":{"rendered":"","protected":false},"excerpt":{"rendered":"<p>Do\u011fal Bitkilerle Haz\u0131rlanm\u0131\u015f Do\u011fal Bal<\/p>\n<p>\u2013 Saf Bal<br \/>\n\u2013 Kostus K\u00f6k\u00fc Ekstresi<br \/>\n\u2013 Zencefil Ekstresi<br \/>\n\u2013 Ferula Hermonnis Ekstresi<br \/>\n\u2013 Panax Ginseng K\u00f6k\u00fc Ekstresi<\/p>\n<p>20 Po\u015fet X 10 g<\/p>\n","protected":false},"featured_media":1625,"comment_status":"open","ping_status":"closed","template":"","meta":{"_acf_changed":false},"product_brand":[],"product_cat":[117],"product_tag":[],"class_list":{"0":"post-2109","1":"product","2":"type-product","3":"status-publish","4":"has-post-thumbnail","6":"product_cat-tum-urunlerimiz","8":"first","9":"instock","10":"shipping-taxable","11":"product-type-simple"},"acf":[],"_links":{"self":[{"href":"http:\/\/www.nowherb.pro\/index.php?rest_route=\/wp\/v2\/product\/2109","targetHints":{"allow":["GET"]}}],"collection":[{"href":"http:\/\/www.nowherb.pro\/index.php?rest_route=\/wp\/v2\/product"}],"about":[{"href":"http:\/\/www.nowherb.pro\/index.php?rest_route=\/wp\/v2\/types\/product"}],"replies":[{"embeddable":true,"href":"http:\/\/www.nowherb.pro\/index.php?rest_route=%2Fwp%2Fv2%2Fcomments&post=2109"}],"wp:featuredmedia":[{"embeddable":true,"href":"http:\/\/www.nowherb.pro\/index.php?rest_route=\/wp\/v2\/media\/1625"}],"wp:attachment":[{"href":"http:\/\/www.nowherb.pro\/index.php?rest_route=%2Fwp%2Fv2%2Fmedia&parent=2109"}],"wp:term":[{"taxonomy":"product_brand","embeddable":true,"href":"http:\/\/www.nowherb.pro\/index.php?rest_route=%2Fwp%2Fv2%2Fproduct_brand&post=2109"},{"taxonomy":"product_cat","embeddable":true,"href":"http:\/\/www.nowherb.pro\/index.php?rest_route=%2Fwp%2Fv2%2Fproduct_cat&post=2109"},{"taxonomy":"product_tag","embeddable":true,"href":"http:\/\/www.nowherb.pro\/index.php?rest_route=%2Fwp%2Fv2%2Fproduct_tag&post=2109"}],"curies":[{"name":"wp","href":"https:\/\/api.w.org\/{rel}","templated":true}]}}