{"id":2117,"date":"2025-12-21T14:07:29","date_gmt":"2025-12-21T14:07:29","guid":{"rendered":"https:\/\/www.nowherb.pro\/?post_type=product&#038;p=2117"},"modified":"2026-01-04T11:17:36","modified_gmt":"2026-01-04T11:17:36","slug":"pro-honey-plus-sase-9","status":"publish","type":"product","link":"http:\/\/www.nowherb.pro\/?product=pro-honey-plus-sase-9&lang=tr","title":{"rendered":"PRO HONEY PLUS Sa\u015fe"},"content":{"rendered":"","protected":false},"excerpt":{"rendered":"<p>Do\u011fal Bitkilerle Zenginle\u015ftirilmi\u015f Do\u011fal Bal<\/p>\n<p>\u2013 Saf Bal<br \/>\n\u2013 Kekik \u00d6z\u00fc<br \/>\n\u2013 Nane \u00d6z\u00fc<br \/>\n\u2013 Fesle\u011fen \u00d6z\u00fc<br \/>\n\u2013 Anason \u00d6z\u00fc<\/p>\n<p>20 Po\u015fet x 10 g<\/p>\n","protected":false},"featured_media":1617,"comment_status":"open","ping_status":"closed","template":"","meta":{"_acf_changed":false},"product_brand":[],"product_cat":[117],"product_tag":[],"class_list":{"0":"post-2117","1":"product","2":"type-product","3":"status-publish","4":"has-post-thumbnail","6":"product_cat-tum-urunlerimiz","8":"first","9":"instock","10":"shipping-taxable","11":"product-type-simple"},"acf":[],"_links":{"self":[{"href":"http:\/\/www.nowherb.pro\/index.php?rest_route=\/wp\/v2\/product\/2117","targetHints":{"allow":["GET"]}}],"collection":[{"href":"http:\/\/www.nowherb.pro\/index.php?rest_route=\/wp\/v2\/product"}],"about":[{"href":"http:\/\/www.nowherb.pro\/index.php?rest_route=\/wp\/v2\/types\/product"}],"replies":[{"embeddable":true,"href":"http:\/\/www.nowherb.pro\/index.php?rest_route=%2Fwp%2Fv2%2Fcomments&post=2117"}],"wp:featuredmedia":[{"embeddable":true,"href":"http:\/\/www.nowherb.pro\/index.php?rest_route=\/wp\/v2\/media\/1617"}],"wp:attachment":[{"href":"http:\/\/www.nowherb.pro\/index.php?rest_route=%2Fwp%2Fv2%2Fmedia&parent=2117"}],"wp:term":[{"taxonomy":"product_brand","embeddable":true,"href":"http:\/\/www.nowherb.pro\/index.php?rest_route=%2Fwp%2Fv2%2Fproduct_brand&post=2117"},{"taxonomy":"product_cat","embeddable":true,"href":"http:\/\/www.nowherb.pro\/index.php?rest_route=%2Fwp%2Fv2%2Fproduct_cat&post=2117"},{"taxonomy":"product_tag","embeddable":true,"href":"http:\/\/www.nowherb.pro\/index.php?rest_route=%2Fwp%2Fv2%2Fproduct_tag&post=2117"}],"curies":[{"name":"wp","href":"https:\/\/api.w.org\/{rel}","templated":true}]}}