{"id":2123,"date":"2025-12-21T13:10:07","date_gmt":"2025-12-21T13:10:07","guid":{"rendered":"https:\/\/www.nowherb.pro\/?post_type=product&#038;p=2123"},"modified":"2026-01-04T11:20:34","modified_gmt":"2026-01-04T11:20:34","slug":"pro-honey-plus-sase-12","status":"publish","type":"product","link":"http:\/\/www.nowherb.pro\/?product=pro-honey-plus-sase-12&lang=tr","title":{"rendered":"PRO HONEY PLUS Sa\u015fe"},"content":{"rendered":"","protected":false},"excerpt":{"rendered":"<p>Do\u011fal Bitki \u00d6zl\u00fc Do\u011fal Bal<\/p>\n<p>\u2013 Saf Beyaz Bal<br \/>\n\u2013 Claudia \u00c7i\u00e7e\u011fi<br \/>\n\u2013 \u0130ncir \u00d6z\u00fc<br \/>\n\u2013 Zeytin Yapra\u011f\u0131 \u00d6z\u00fc<\/p>\n<p>20 Po\u015fet x 10 g<\/p>\n","protected":false},"featured_media":1606,"comment_status":"open","ping_status":"closed","template":"","meta":{"_acf_changed":false},"product_brand":[],"product_cat":[117],"product_tag":[],"class_list":{"0":"post-2123","1":"product","2":"type-product","3":"status-publish","4":"has-post-thumbnail","6":"product_cat-tum-urunlerimiz","8":"first","9":"instock","10":"shipping-taxable","11":"product-type-simple"},"acf":[],"_links":{"self":[{"href":"http:\/\/www.nowherb.pro\/index.php?rest_route=\/wp\/v2\/product\/2123","targetHints":{"allow":["GET"]}}],"collection":[{"href":"http:\/\/www.nowherb.pro\/index.php?rest_route=\/wp\/v2\/product"}],"about":[{"href":"http:\/\/www.nowherb.pro\/index.php?rest_route=\/wp\/v2\/types\/product"}],"replies":[{"embeddable":true,"href":"http:\/\/www.nowherb.pro\/index.php?rest_route=%2Fwp%2Fv2%2Fcomments&post=2123"}],"wp:featuredmedia":[{"embeddable":true,"href":"http:\/\/www.nowherb.pro\/index.php?rest_route=\/wp\/v2\/media\/1606"}],"wp:attachment":[{"href":"http:\/\/www.nowherb.pro\/index.php?rest_route=%2Fwp%2Fv2%2Fmedia&parent=2123"}],"wp:term":[{"taxonomy":"product_brand","embeddable":true,"href":"http:\/\/www.nowherb.pro\/index.php?rest_route=%2Fwp%2Fv2%2Fproduct_brand&post=2123"},{"taxonomy":"product_cat","embeddable":true,"href":"http:\/\/www.nowherb.pro\/index.php?rest_route=%2Fwp%2Fv2%2Fproduct_cat&post=2123"},{"taxonomy":"product_tag","embeddable":true,"href":"http:\/\/www.nowherb.pro\/index.php?rest_route=%2Fwp%2Fv2%2Fproduct_tag&post=2123"}],"curies":[{"name":"wp","href":"https:\/\/api.w.org\/{rel}","templated":true}]}}